{"id":63,"date":"2020-01-01T21:20:57","date_gmt":"2020-01-01T20:20:57","guid":{"rendered":"https:\/\/www.reisenberger.at\/reiprivat\/?page_id=63"},"modified":"2021-04-07T17:25:40","modified_gmt":"2021-04-07T15:25:40","slug":"https-www-reisenberger-at-reiprivat-2","status":"publish","type":"page","link":"https:\/\/www.reisenberger.at\/reiprivat\/https-www-reisenberger-at-reiprivat-2\/","title":{"rendered":"Willkommen!"},"content":{"rendered":"<div id=\"pl-63\"  class=\"panel-layout\" ><div id=\"pg-63-0\"  class=\"panel-grid panel-no-style\" ><div id=\"pgc-63-0-0\"  class=\"panel-grid-cell\" ><div id=\"panel-63-0-0-0\" class=\"so-panel widget widget_sow-post-carousel panel-first-child panel-last-child\" data-index=\"0\" ><div\n\t\t\t\n\t\t\tclass=\"so-widget-sow-post-carousel so-widget-sow-post-carousel-base-d126624b57e3-63\"\n\t\t\t\n\t\t>\t<div\n\t\tclass=\"sow-post-carousel-wrapper sow-post-carousel-theme-base\"\n\t\tstyle=\"overflow: hidden; max-width: 100%; min-height: 182px\"\n\t>\n\t\t<div class=\"sow-carousel-title has-title\">\n\t<h3 class=\"widget-title\">.<\/h3>\t\t<div class=\"sow-carousel-navigation \">\n\t\t\t\t\t\t<a href=\"#\" class=\"sow-carousel-next\" title=\"Next\" aria-label=\"Next Posts\" role=\"button\"><\/a>\n\t\t\t\t\t\t<a href=\"#\" class=\"sow-carousel-previous\" title=\"Previous\" aria-label=\"Previous Posts\" role=\"button\"><\/a>\n\t\t\t\t\t<\/div>\n\t<\/div>\n\n<div class=\"sow-carousel-container \">\n\t\t<div class=\"sow-carousel-wrapper\"\n\t\tdata-dir=\"ltr\"\n\t\tstyle=\"opacity: 0;\"\n\t\tdata-widget=\"post\" data-fetching=\"false\" data-page=\"1\" data-ajax-url=\"https:\/\/www.reisenberger.at\/reiprivat\/wp-admin\/admin-ajax.php?_widgets_nonce=7725b903b1\" data-item_count=\"44\" data-carousel_settings=\"{&quot;loop&quot;:true,&quot;animation&quot;:&quot;Ease&quot;,&quot;animation_speed&quot;:400,&quot;autoplay&quot;:&quot;&quot;,&quot;pauseOnHover&quot;:&quot;&quot;,&quot;autoplaySpeed&quot;:8000,&quot;item_overflow&quot;:true,&quot;autoplay_continuous_scroll&quot;:false}\" data-responsive=\"{&quot;desktop_slides_to_scroll&quot;:1,&quot;tablet_landscape_breakpoint&quot;:1366,&quot;tablet_landscape_slides_to_scroll&quot;:2,&quot;tablet_portrait_breakpoint&quot;:1025,&quot;tablet_portrait_slides_to_scroll&quot;:2,&quot;mobile_breakpoint&quot;:480,&quot;mobile_slides_to_scroll&quot;:1,&quot;desktop_slides_to_show&quot;:3,&quot;tablet_landscape_slides_to_show&quot;:3,&quot;tablet_portrait_slides_to_show&quot;:2,&quot;mobile_slides_to_show&quot;:1}\" data-variable_width=\"true\" \t>\n\t\t<div\n\t\t\tclass=\"sow-carousel-items\"\n\t\t\t\t\t>\n\t\t\t\t<div class=\"sow-carousel-item\" tabindex=\"-1\" style=\"float: left;\">\n\t\t<div class=\"sow-carousel-thumbnail\">\n\t\t\t\t\t\t\t<a\n\t\t\t\t\thref=\"https:\/\/www.reisenberger.at\/reiprivat\/2022\/07\/19\/sportwoche\/\"\n\t\t\t\t\t\t\t\t\t\tstyle=\"background-image: url( https:\/\/www.reisenberger.at\/reiprivat\/wp-content\/uploads\/2022\/07\/IMG_5767_KitzSki-Posing-272x182.jpg )\"\n\t\t\t\t\taria-labelledby=\"sow-carousel-id-883\"\n\t\t\t\t\ttabindex=\"-1\"\n\t\t\t\t>\n\t\t\t\t\t<span class=\"overlay\"><\/span>\n\t\t\t\t<\/a>\n\t\t\t\t\t<\/div>\n\t\t<h3 class=\"sow-carousel-item-title\">\n\t\t\t<a\n\t\t\t\thref=\"https:\/\/www.reisenberger.at\/reiprivat\/2022\/07\/19\/sportwoche\/\"\n\t\t\t\tid=\"sow-carousel-id-883\"\n\t\t\t\t\t\t\t\ttabindex=\"-1\"\n\t\t\t>\n\n\t\t\t\tSportwoche\t\t\t<\/a>\n\t\t<\/h3>\n\t<\/div>\n\t\t<div class=\"sow-carousel-item\" tabindex=\"-1\" style=\"float: left;\">\n\t\t<div class=\"sow-carousel-thumbnail\">\n\t\t\t\t\t\t\t<a\n\t\t\t\t\thref=\"https:\/\/www.reisenberger.at\/reiprivat\/2026\/03\/15\/maerz-2026\/\"\n\t\t\t\t\t\t\t\t\t\tstyle=\"background-image: url( https:\/\/www.reisenberger.at\/reiprivat\/wp-content\/uploads\/2025\/09\/IMG_3806_cr-272x182.jpg )\"\n\t\t\t\t\taria-labelledby=\"sow-carousel-id-1042\"\n\t\t\t\t\ttabindex=\"-1\"\n\t\t\t\t>\n\t\t\t\t\t<span class=\"overlay\"><\/span>\n\t\t\t\t<\/a>\n\t\t\t\t\t<\/div>\n\t\t<h3 class=\"sow-carousel-item-title\">\n\t\t\t<a\n\t\t\t\thref=\"https:\/\/www.reisenberger.at\/reiprivat\/2026\/03\/15\/maerz-2026\/\"\n\t\t\t\tid=\"sow-carousel-id-1042\"\n\t\t\t\t\t\t\t\ttabindex=\"-1\"\n\t\t\t>\n\n\t\t\t\tM\u00e4rz 2026\t\t\t<\/a>\n\t\t<\/h3>\n\t<\/div>\n\t\t<div class=\"sow-carousel-item\" tabindex=\"-1\" style=\"float: left;\">\n\t\t<div class=\"sow-carousel-thumbnail\">\n\t\t\t\t\t\t\t<a\n\t\t\t\t\thref=\"https:\/\/www.reisenberger.at\/reiprivat\/2026\/02\/08\/februar-2026\/\"\n\t\t\t\t\t\t\t\t\t\tstyle=\"background-image: url( https:\/\/www.reisenberger.at\/reiprivat\/wp-content\/uploads\/2025\/09\/IMG_3199_cr-272x182.jpg )\"\n\t\t\t\t\taria-labelledby=\"sow-carousel-id-1036\"\n\t\t\t\t\ttabindex=\"-1\"\n\t\t\t\t>\n\t\t\t\t\t<span class=\"overlay\"><\/span>\n\t\t\t\t<\/a>\n\t\t\t\t\t<\/div>\n\t\t<h3 class=\"sow-carousel-item-title\">\n\t\t\t<a\n\t\t\t\thref=\"https:\/\/www.reisenberger.at\/reiprivat\/2026\/02\/08\/februar-2026\/\"\n\t\t\t\tid=\"sow-carousel-id-1036\"\n\t\t\t\t\t\t\t\ttabindex=\"-1\"\n\t\t\t>\n\n\t\t\t\tFebruar 2026\t\t\t<\/a>\n\t\t<\/h3>\n\t<\/div>\n\t\t<div class=\"sow-carousel-item\" tabindex=\"-1\" style=\"float: left;\">\n\t\t<div class=\"sow-carousel-thumbnail\">\n\t\t\t\t\t\t\t<a\n\t\t\t\t\thref=\"https:\/\/www.reisenberger.at\/reiprivat\/2026\/02\/08\/its-2026-and-still-freezing-cold-outside\/\"\n\t\t\t\t\t\t\t\t\t\tstyle=\"background-image: url( https:\/\/www.reisenberger.at\/reiprivat\/wp-content\/uploads\/2026\/01\/IMG_4906-272x182.jpg )\"\n\t\t\t\t\taria-labelledby=\"sow-carousel-id-1033\"\n\t\t\t\t\ttabindex=\"-1\"\n\t\t\t\t>\n\t\t\t\t\t<span class=\"overlay\"><\/span>\n\t\t\t\t<\/a>\n\t\t\t\t\t<\/div>\n\t\t<h3 class=\"sow-carousel-item-title\">\n\t\t\t<a\n\t\t\t\thref=\"https:\/\/www.reisenberger.at\/reiprivat\/2026\/02\/08\/its-2026-and-still-freezing-cold-outside\/\"\n\t\t\t\tid=\"sow-carousel-id-1033\"\n\t\t\t\t\t\t\t\ttabindex=\"-1\"\n\t\t\t>\n\n\t\t\t\tIt&#8217;s 2026 &#8230; and still freezing cold outside\t\t\t<\/a>\n\t\t<\/h3>\n\t<\/div>\n\t\t<div class=\"sow-carousel-item\" tabindex=\"-1\" style=\"float: left;\">\n\t\t<div class=\"sow-carousel-thumbnail\">\n\t\t\t\t\t\t\t<a\n\t\t\t\t\thref=\"https:\/\/www.reisenberger.at\/reiprivat\/2026\/01\/18\/jetzt-ist-es-winter\/\"\n\t\t\t\t\t\t\t\t\t\tstyle=\"background-image: url( https:\/\/www.reisenberger.at\/reiprivat\/wp-content\/uploads\/2026\/01\/IMG_4944-272x182.jpg )\"\n\t\t\t\t\taria-labelledby=\"sow-carousel-id-1005\"\n\t\t\t\t\ttabindex=\"-1\"\n\t\t\t\t>\n\t\t\t\t\t<span class=\"overlay\"><\/span>\n\t\t\t\t<\/a>\n\t\t\t\t\t<\/div>\n\t\t<h3 class=\"sow-carousel-item-title\">\n\t\t\t<a\n\t\t\t\thref=\"https:\/\/www.reisenberger.at\/reiprivat\/2026\/01\/18\/jetzt-ist-es-winter\/\"\n\t\t\t\tid=\"sow-carousel-id-1005\"\n\t\t\t\t\t\t\t\ttabindex=\"-1\"\n\t\t\t>\n\n\t\t\t\tJetzt ist es Winter &#8230;\t\t\t<\/a>\n\t\t<\/h3>\n\t<\/div>\n\t\t<div class=\"sow-carousel-item\" tabindex=\"-1\" style=\"float: left;\">\n\t\t<div class=\"sow-carousel-thumbnail\">\n\t\t\t\t\t\t\t<a\n\t\t\t\t\thref=\"https:\/\/www.reisenberger.at\/reiprivat\/2025\/09\/06\/der-letzte-sommer-war-sehr-scheee\/\"\n\t\t\t\t\t\t\t\t\t\tstyle=\"background-image: url( https:\/\/www.reisenberger.at\/reiprivat\/wp-content\/uploads\/2025\/09\/IMG_3348_cr-1-272x182.jpg )\"\n\t\t\t\t\taria-labelledby=\"sow-carousel-id-971\"\n\t\t\t\t\ttabindex=\"-1\"\n\t\t\t\t>\n\t\t\t\t\t<span class=\"overlay\"><\/span>\n\t\t\t\t<\/a>\n\t\t\t\t\t<\/div>\n\t\t<h3 class=\"sow-carousel-item-title\">\n\t\t\t<a\n\t\t\t\thref=\"https:\/\/www.reisenberger.at\/reiprivat\/2025\/09\/06\/der-letzte-sommer-war-sehr-scheee\/\"\n\t\t\t\tid=\"sow-carousel-id-971\"\n\t\t\t\t\t\t\t\ttabindex=\"-1\"\n\t\t\t>\n\n\t\t\t\tDer letzte Sommer w\u00e5r sehr scheee &#8230;\t\t\t<\/a>\n\t\t<\/h3>\n\t<\/div>\n\t\t<div class=\"sow-carousel-item\" tabindex=\"-1\" style=\"float: left;\">\n\t\t<div class=\"sow-carousel-thumbnail\">\n\t\t\t\t\t\t\t<a\n\t\t\t\t\thref=\"https:\/\/www.reisenberger.at\/reiprivat\/2025\/01\/17\/allwetter-radler\/\"\n\t\t\t\t\t\t\t\t\t\tstyle=\"background-image: url( https:\/\/www.reisenberger.at\/reiprivat\/wp-content\/uploads\/2020\/04\/IMG_7442-2-Kopie-272x182.jpg )\"\n\t\t\t\t\taria-labelledby=\"sow-carousel-id-960\"\n\t\t\t\t\ttabindex=\"-1\"\n\t\t\t\t>\n\t\t\t\t\t<span class=\"overlay\"><\/span>\n\t\t\t\t<\/a>\n\t\t\t\t\t<\/div>\n\t\t<h3 class=\"sow-carousel-item-title\">\n\t\t\t<a\n\t\t\t\thref=\"https:\/\/www.reisenberger.at\/reiprivat\/2025\/01\/17\/allwetter-radler\/\"\n\t\t\t\tid=\"sow-carousel-id-960\"\n\t\t\t\t\t\t\t\ttabindex=\"-1\"\n\t\t\t>\n\n\t\t\t\tAllwetter-Radler\t\t\t<\/a>\n\t\t<\/h3>\n\t<\/div>\n\t\t<div class=\"sow-carousel-item\" tabindex=\"-1\" style=\"float: left;\">\n\t\t<div class=\"sow-carousel-thumbnail\">\n\t\t\t\t\t\t\t<a\n\t\t\t\t\thref=\"https:\/\/www.reisenberger.at\/reiprivat\/2022\/04\/05\/musik-belebt-die-sinne\/\"\n\t\t\t\t\t\t\t\t\t\tstyle=\"background-image: url( https:\/\/www.reisenberger.at\/reiprivat\/wp-content\/uploads\/2020\/02\/Rupi_YourGorgeousSelf_a1830339888_16-272x182.jpg )\"\n\t\t\t\t\taria-labelledby=\"sow-carousel-id-839\"\n\t\t\t\t\ttabindex=\"-1\"\n\t\t\t\t>\n\t\t\t\t\t<span class=\"overlay\"><\/span>\n\t\t\t\t<\/a>\n\t\t\t\t\t<\/div>\n\t\t<h3 class=\"sow-carousel-item-title\">\n\t\t\t<a\n\t\t\t\thref=\"https:\/\/www.reisenberger.at\/reiprivat\/2022\/04\/05\/musik-belebt-die-sinne\/\"\n\t\t\t\tid=\"sow-carousel-id-839\"\n\t\t\t\t\t\t\t\ttabindex=\"-1\"\n\t\t\t>\n\n\t\t\t\tMusik belebt die Sinne\t\t\t<\/a>\n\t\t<\/h3>\n\t<\/div>\n\t\t<div class=\"sow-carousel-item\" tabindex=\"-1\" style=\"float: left;\">\n\t\t<div class=\"sow-carousel-thumbnail\">\n\t\t\t\t\t\t\t<a\n\t\t\t\t\thref=\"https:\/\/www.reisenberger.at\/reiprivat\/2022\/01\/27\/der-ganz-normale-alltag\/\"\n\t\t\t\t\t\t\t\t\t\tstyle=\"background-image: url( https:\/\/www.reisenberger.at\/reiprivat\/wp-content\/uploads\/2022\/01\/gurgelstart-272x182.jpg )\"\n\t\t\t\t\taria-labelledby=\"sow-carousel-id-833\"\n\t\t\t\t\ttabindex=\"-1\"\n\t\t\t\t>\n\t\t\t\t\t<span class=\"overlay\"><\/span>\n\t\t\t\t<\/a>\n\t\t\t\t\t<\/div>\n\t\t<h3 class=\"sow-carousel-item-title\">\n\t\t\t<a\n\t\t\t\thref=\"https:\/\/www.reisenberger.at\/reiprivat\/2022\/01\/27\/der-ganz-normale-alltag\/\"\n\t\t\t\tid=\"sow-carousel-id-833\"\n\t\t\t\t\t\t\t\ttabindex=\"-1\"\n\t\t\t>\n\n\t\t\t\tDer ganz normale Alltag\t\t\t<\/a>\n\t\t<\/h3>\n\t<\/div>\n\t\t<div class=\"sow-carousel-item\" tabindex=\"-1\" style=\"float: left;\">\n\t\t<div class=\"sow-carousel-thumbnail\">\n\t\t\t\t\t\t\t<a\n\t\t\t\t\thref=\"https:\/\/www.reisenberger.at\/reiprivat\/2021\/11\/24\/manchmal\/\"\n\t\t\t\t\t\t\t\t\t\tstyle=\"background-image: url( https:\/\/www.reisenberger.at\/reiprivat\/wp-content\/uploads\/2021\/11\/Manchmal_quadrat-272x182.jpg )\"\n\t\t\t\t\taria-labelledby=\"sow-carousel-id-818\"\n\t\t\t\t\ttabindex=\"-1\"\n\t\t\t\t>\n\t\t\t\t\t<span class=\"overlay\"><\/span>\n\t\t\t\t<\/a>\n\t\t\t\t\t<\/div>\n\t\t<h3 class=\"sow-carousel-item-title\">\n\t\t\t<a\n\t\t\t\thref=\"https:\/\/www.reisenberger.at\/reiprivat\/2021\/11\/24\/manchmal\/\"\n\t\t\t\tid=\"sow-carousel-id-818\"\n\t\t\t\t\t\t\t\ttabindex=\"-1\"\n\t\t\t>\n\n\t\t\t\tManchmal\t\t\t<\/a>\n\t\t<\/h3>\n\t<\/div>\n\t\t\t<\/div>\n\t\t\t<\/div>\n\n\t<\/div>\n\t\t<input type=\"hidden\" name=\"instance_hash\" value=\"fa2464a8\"\/>\n\t<\/div>\n<\/div><\/div><\/div><\/div><div id=\"pg-63-1\"  class=\"panel-grid panel-no-style\" ><div id=\"pgc-63-1-0\"  class=\"panel-grid-cell\" ><div id=\"panel-63-1-0-0\" class=\"so-panel widget widget_sow-editor panel-first-child panel-last-child\" data-index=\"1\" ><div\n\t\t\t\n\t\t\tclass=\"so-widget-sow-editor so-widget-sow-editor-base\"\n\t\t\t\n\t\t>\n<div class=\"siteorigin-widget-tinymce textwidget\">\n\t<p><!-- wp:image {\"id\":172,\"sizeSlug\":\"large\"} --><\/p>\n<figure class=\"wp-block-image size-large\"><\/figure>\n<p><!-- \/wp:image --><\/p>\n<p><strong>Herzlich willkommen auf meiner Webseite!<\/strong><\/p>\n<p>Diese <strong>Webseite<\/strong> entstand, weil mich mein Interesse und meine Neugier dazu gebracht hat, mich mit den entsprechenen Programmen zur Erstellung von Webseiten auseinanderzusetzen. Ich wollte deren M\u00f6glichkeiten auszusch\u00f6pfen, um selbst eine eigene Webseite zu <strong>gestalten<\/strong>. \u00dcber die Jahre ver\u00e4nderten die verschiedenen Programme zwar den technischen Aufwand dahinter, aber die Faszination ist geblieben.<\/p>\n<p>Mit dem Thema \"<strong>Panoramafotografie<\/strong>\" bzw. mit dem Estellen von verkn\u00fcpften <strong>360-Grad-Pr\u00e4sentation<\/strong> befasse ich mich seit 2015. Auch wenn sich auf der technischen Seite hier sehr viel getan hat, sind es immer wieder viele Stunden, bis man dann zufrieden auf ein fertiges Projekt blicken kann. Das dann aber meist mit umso mehr Freude beim Betrachten.<\/p>\n<p>Der lateinische Ausdruck \"<strong>Tempus fugit<\/strong>\" bedeutet so viel wie: \"die Zeit verfliegt im Nu!\" und darum sollte man die zur Verf\u00fcgung stehende Zeit gut nutzen!<\/p>\n<p>Mit Paulchen Panter sage\/schreib ich daher: \"<strong>Wer hat an der Uhr gedreht?<\/strong> Ist es wirklich schon so sp\u00e4t?\" ... und widme mich nun meinen anderen Aufgaben. Einen wundersch\u00f6nen Tag w\u00fcnsche ich dir und viel Spa\u00df beim Betrachten meiner Webseiten!<\/p>\n<p>Tippfehler bitte zu entschuldigen. Aufgrund der - oft sehr sp\u00e4ten - Uhrzeit k\u00f6nnen diese sehr leicht passieren! \ud83d\ude09<\/p>\n<p><strong>Reinhard<\/strong><\/p>\n<\/div>\n<\/div><\/div><\/div><\/div><\/div>","protected":false},"excerpt":{"rendered":"<p>Herzlich willkommen auf meiner Webseite! Diese Webseite entstand, weil mich mein Interesse und meine Neugier dazu gebracht hat, mich mit den entsprechenen Programmen zur Erstellung&#8230;<\/p>\n<div class=\"more-link-wrapper\"><a class=\"more-link\" href=\"https:\/\/www.reisenberger.at\/reiprivat\/https-www-reisenberger-at-reiprivat-2\/\">Weiterlesen<span class=\"screen-reader-text\">Willkommen!<\/span><\/a><\/div>\n","protected":false},"author":1,"featured_media":0,"parent":0,"menu_order":1,"comment_status":"closed","ping_status":"closed","template":"","meta":{"iawp_total_views":52,"footnotes":""},"class_list":["post-63","page","type-page","status-publish","hentry","entry"],"_links":{"self":[{"href":"https:\/\/www.reisenberger.at\/reiprivat\/wp-json\/wp\/v2\/pages\/63","targetHints":{"allow":["GET"]}}],"collection":[{"href":"https:\/\/www.reisenberger.at\/reiprivat\/wp-json\/wp\/v2\/pages"}],"about":[{"href":"https:\/\/www.reisenberger.at\/reiprivat\/wp-json\/wp\/v2\/types\/page"}],"author":[{"embeddable":true,"href":"https:\/\/www.reisenberger.at\/reiprivat\/wp-json\/wp\/v2\/users\/1"}],"replies":[{"embeddable":true,"href":"https:\/\/www.reisenberger.at\/reiprivat\/wp-json\/wp\/v2\/comments?post=63"}],"version-history":[{"count":21,"href":"https:\/\/www.reisenberger.at\/reiprivat\/wp-json\/wp\/v2\/pages\/63\/revisions"}],"predecessor-version":[{"id":790,"href":"https:\/\/www.reisenberger.at\/reiprivat\/wp-json\/wp\/v2\/pages\/63\/revisions\/790"}],"wp:attachment":[{"href":"https:\/\/www.reisenberger.at\/reiprivat\/wp-json\/wp\/v2\/media?parent=63"}],"curies":[{"name":"wp","href":"https:\/\/api.w.org\/{rel}","templated":true}]}}