{"id":609,"date":"2020-08-20T22:34:09","date_gmt":"2020-08-20T21:34:09","guid":{"rendered":"https:\/\/www.reisenberger.at\/reiprivat\/?page_id=609"},"modified":"2021-11-02T17:49:41","modified_gmt":"2021-11-02T16:49:41","slug":"https-www-reisenberger-at-reiprivat","status":"publish","type":"page","link":"https:\/\/www.reisenberger.at\/reiprivat\/https-www-reisenberger-at-reiprivat\/","title":{"rendered":"dRei-60 Grad Panoramas"},"content":{"rendered":"<div id=\"pl-609\"  class=\"panel-layout\" ><div id=\"pg-609-0\"  class=\"panel-grid panel-no-style\" ><div id=\"pgc-609-0-0\"  class=\"panel-grid-cell\" ><div id=\"panel-609-0-0-0\" class=\"so-panel widget widget_media_image panel-first-child panel-last-child\" data-index=\"0\" ><h3 class=\"widget-title\">Panoramatour Beispiel<\/h3><figure style=\"width: 1024px\" class=\"wp-caption alignnone\"><a href=\"https:\/\/www.reisenberger.at\/360GradTour_Poetzleinsdorf\/index.html\"><img loading=\"lazy\" decoding=\"async\" width=\"1024\" height=\"448\" src=\"https:\/\/www.reisenberger.at\/reiprivat\/wp-content\/uploads\/2020\/11\/360poetz_panorama002_kl.png\" class=\"image wp-image-718  attachment-full size-full\" alt=\"360 Grad Panorama Tour\" style=\"max-width: 100%; height: auto;\" srcset=\"https:\/\/www.reisenberger.at\/reiprivat\/wp-content\/uploads\/2020\/11\/360poetz_panorama002_kl.png 1024w, https:\/\/www.reisenberger.at\/reiprivat\/wp-content\/uploads\/2020\/11\/360poetz_panorama002_kl-300x131.png 300w, https:\/\/www.reisenberger.at\/reiprivat\/wp-content\/uploads\/2020\/11\/360poetz_panorama002_kl-768x336.png 768w\" sizes=\"auto, (max-width: 1024px) 100vw, 1024px\" \/><\/a><figcaption class=\"wp-caption-text\">360 Grad Panorama Tour<\/figcaption><\/figure><\/div><\/div><\/div><div id=\"pg-609-1\"  class=\"panel-grid panel-no-style\" ><div id=\"pgc-609-1-0\"  class=\"panel-grid-cell\" ><div id=\"panel-609-1-0-0\" class=\"so-panel widget widget_sow-editor panel-first-child panel-last-child\" data-index=\"1\" ><div\n\t\t\t\n\t\t\tclass=\"so-widget-sow-editor so-widget-sow-editor-base\"\n\t\t\t\n\t\t><h3 class=\"widget-title\">360 Grad Panoramatouren und Panoramafotografie<\/h3>\n<div class=\"siteorigin-widget-tinymce textwidget\">\n\t<p>Was im Jahr 2015 mit einem Manfrotto 303 SPH Nodalpunkt Adapter, meiner Spiegelreflexkamera und einem guten Stativ begonnen hat, findet nun - dank fortgeschrittener Technik - eine bemerkenswerte Weiterentwicklung.<\/p>\n<p>Das Erstellen von Panoramafotos und 360-Grad-Touren begann als Hobby und \u00fcbt so nach wie vor eine gro\u00dfe Faszination auf mich aus. Falls Sie sich eine solche virtuelle Tour durch ihr Gesch\u00e4ft, ihr Lokal, ihre Boutique, ihren Club, ihre Werkstatt, ihr Atelier oder ihr Kaffeehaus schon lange \u00fcberlegt haben und mit dieser auf ihrer Webseite die Besucher \u00fcberraschen wollen, nehmen Sie mit mir Kontakt auf und schreiben Sie mir eine Nachricht.<\/p>\n<p>&nbsp;<\/p>\n<\/div>\n<\/div><\/div><\/div><div id=\"pgc-609-1-1\"  class=\"panel-grid-cell\" ><div id=\"panel-609-1-1-0\" class=\"so-panel widget widget_sow-editor panel-first-child panel-last-child\" data-index=\"2\" ><div\n\t\t\t\n\t\t\tclass=\"so-widget-sow-editor so-widget-sow-editor-base\"\n\t\t\t\n\t\t><h3 class=\"widget-title\">Voraussetzungen und Termine<\/h3>\n<div class=\"siteorigin-widget-tinymce textwidget\">\n\t<p>Soferne es mein Terminkalender erlaubt und sich ihr Lokal, Club, Atelier, ... in Wien oder n\u00e4herer Umgeben um Wien befindet, k\u00f6nnen wir gerne - nach Abkl\u00e4rung der Details (Anzahl der Hotspots, Zusatzoptionen, Preis) - einen solchen virtuellen 360-Grad-Spaziergang f\u00fcr Sie erstellen.<\/p>\n<p>Voraussetzung und Optionen f\u00fcr die 360-Grad-Tour:<\/p>\n<ol>\n<li>Sie besitzen bereits eine aktuelle Webseite.<\/li>\n<li>Sie hosten die 360-Grad-Tour auf dem eigenen Server oder<\/li>\n<li>Sie lassen mich ihre 360-Grad-Tour hosten und verlinken darauf.<\/li>\n<li>Zur Betrachtung sind aktuelle Betriebssysteme und Browser notwendig!<\/li>\n<li>Auf mobilen Ger\u00e4ten werden Gyro-Sensoren unterst\u00fctzt.<\/li>\n<li>Mit Smartphones und passenden VR-Brillen werden stereografische Betrachtungen erm\u00f6glicht.<\/li>\n<\/ol>\n<p>&nbsp;<\/p>\n<\/div>\n<\/div><\/div><\/div><\/div><div id=\"pg-609-2\"  class=\"panel-grid panel-no-style\" ><div id=\"pgc-609-2-0\"  class=\"panel-grid-cell\" ><div id=\"panel-609-2-0-0\" class=\"so-panel widget widget_sow-editor panel-first-child panel-last-child\" data-index=\"3\" ><div\n\t\t\t\n\t\t\tclass=\"so-widget-sow-editor so-widget-sow-editor-base\"\n\t\t\t\n\t\t><h3 class=\"widget-title\">Beispiel f\u00fcr eine 360-Grad-Tour<\/h3>\n<div class=\"siteorigin-widget-tinymce textwidget\">\n\t<p>&nbsp;<\/p>\n<h2 style=\"text-align: center;\"><strong>F\u00fcr den Wohnungsmarkt, Mietwohnungen und Airbnb<\/strong><\/h2>\n<p>Hier zwei Beispiele f\u00fcr Wohnungsmakler\/Wohnungsmaklerinnen oder Anbietern und Anbieterinnen von <strong>Airbnb Wohnungen<\/strong> (Der urspr\u00fcngliche Name <a href=\"https:\/\/de.wikipedia.org\/wiki\/Airbnb\" target=\"_blank\" rel=\"noopener\">AirbedAndBreakfast<\/a> , also \"<strong>Luftmatratze und Fr\u00fchst\u00fcck<\/strong>\" wurde auf das nun gebr\u00e4uchliche Kunstwort <strong>Airbnb<\/strong> abgek\u00fcrzt), um sich die Arbeit als Makler vor Ort etwas ersparen zu k\u00f6nnen, wenn es den Interessenten und Interessentinnen nur darum geht, einen ersten optischen Eindruck von der Wohnung oder dem Mietobjekt zu bekommen.<\/p>\n<p>Sobald die 360-Grad Panoramatour gestartet ist, kann man ganz einfach mit der Maus das Bild in alle Richtungen wischen oder ziehen bzw. auch auf einem Smartphone oder Tablet mit den Fingern wischen und ziehen. Einfach mal ausprobieren! Mit zwei Fingern kann man das Bild an gew\u00fcnschter Stelle auch vergr\u00f6\u00dfern (hinein- oder heraus-zoomen)! Fast alle Funktionen gibt es aber auch \u00fcber eingeblendete Bedienelemente (Tasten und Symbole) am unteren oder am rechten Bildschirmrand! Falls eine <strong>VR-Brille<\/strong> (f\u00fcr ein Smartphone, das diese Funktion unterst\u00fctzt) vorhanden ist, wird diese Funktion am rechten Bildschirmrand (unterstes Symbol) eingeblendet (Darauf klicken -&gt; teilt sodann den Bildschirm, damit ein dreidimensionales Betrachten mit Hilfe der VR-Brille m\u00f6glich ist)! <strong>Viel Spa\u00df!<\/strong><\/p>\n<p>Durch Anklicken der Symbole am unteren Bildschirmrand ist das Navigieren innerhalb des Bildes als auch das Springen zum vorherigen und n\u00e4chsten Panoramabild m\u00f6glich. Alternativ dazu k\u00f6nnen auf einem PC auch die Pfeiltasten und die Buchstabentasten der Tastatur benutzt werden:<\/p>\n<ul>\n<li>Vorheriges Panorama: [<strong>A<\/strong>]<\/li>\n<li>N\u00e4chste Panorama: [<strong>S<\/strong>]<\/li>\n<li>Zoom In [<strong>K<\/strong>]<\/li>\n<li>Zoom Out [<strong>L<\/strong>]<\/li>\n<\/ul>\n<p>Auf der rechten Bildschirmseite gibt es meist eine weitere Reihe von Symbolen. Hierit k\u00f6nnen folgende Befehle ausgef\u00fchrt werden:<\/p>\n<ul>\n<li><strong>Steuermodus<\/strong> <strong>\u00e4ndern<\/strong> (entweder \"Wisch- und Ziehen\" oder \"Kontinuierliches Folgen der Maus bzw. dem Finger\")<\/li>\n<li>Automatische <strong>Rotation<\/strong> starten und stoppen.<\/li>\n<li>Aktivieren des <strong>Gyrosensors<\/strong> (bei manchen Smartphones und Tablets wird es dadurch m\u00f6glich, das Bild durch Bewegen des Mobilger\u00e4tes zu steuern).<\/li>\n<li>Am PC: Umschalten auf <strong>Vollbild-Darstellung<\/strong> (mit Klicken auf die <strong>ESC<\/strong>-Taste kommt man wieder zur\u00fcck in die Fenster-Darstellung)<\/li>\n<li><strong>Doppelklicken<\/strong> im Panoramamodus aktiviert und deaktiviert ebenfalls die <strong>Vollbild-Darstellung<\/strong>!<\/li>\n<li>Die Symbole [<strong>Play<\/strong>], [<strong>Pause<\/strong>] und [<strong>Stopp<\/strong>] werden nur f\u00fcr gelegentlich verwendete Hintergrund<strong>musik<\/strong> ben\u00f6tigt (Sie k\u00f6nnen auch mit den Tasten [<strong>Leertaste<\/strong> = Play], [<strong>P<\/strong> = Pause] und [<strong>E<\/strong> = Ende\/Stopp] aktiviert werden).<\/li>\n<li>Mit dem \"<strong>Mute<\/strong> - <strong>Unmute<\/strong>\"-Symbol k\u00f6nnen Ton-Effekte ganz AUS- oder EIN-geschaltet werden.<\/li>\n<li>Das Symbol \"<strong>Starte VR<\/strong>\" wird nur auf mobilen Ger\u00e4te eingeblendet und gestattet die Umschaltung in die stereografische Bilddarstellung. Das Bild wird dabei zweigeteilt und mithilfe einer sogenannten VR-Brille (<strong>VR<\/strong> ... <strong>Virtual Reality<\/strong>) kann ein dreidimensionales Betrachten und Steuern der Panorama-Touren erm\u00f6glicht werden.<\/li>\n<\/ul>\n<p><strong>Viel Spa\u00df beim virtuellen Besichtigungstermin in den unten gezeigten Referenzprojekten:<br \/>\n<\/strong><\/p>\n<p style=\"text-align: center;\"><strong>Wohnung (unm\u00f6bliert) in 1150 Wien<\/strong>: <a href=\"https:\/\/www.reisenberger.at\/ehrntraut\/wohnung_8042\" target=\"_blank\" rel=\"noopener\">klicke hier oder auf das Bild, um das Panoram zu betrachten!<\/a><\/p>\n<p><a href=\"https:\/\/www.reisenberger.at\/ehrntraut\/wohnung_8042\" target=\"_blank\" rel=\"noopener\"><img loading=\"lazy\" decoding=\"async\" class=\"aligncenter size-full wp-image-746\" src=\"https:\/\/www.reisenberger.at\/reiprivat\/wp-content\/uploads\/2021\/02\/Titelbild_Wohnung_unmoebliert-scaled.jpg\" alt=\"\" width=\"2560\" height=\"1371\" srcset=\"https:\/\/www.reisenberger.at\/reiprivat\/wp-content\/uploads\/2021\/02\/Titelbild_Wohnung_unmoebliert-scaled.jpg 2560w, https:\/\/www.reisenberger.at\/reiprivat\/wp-content\/uploads\/2021\/02\/Titelbild_Wohnung_unmoebliert-300x161.jpg 300w, https:\/\/www.reisenberger.at\/reiprivat\/wp-content\/uploads\/2021\/02\/Titelbild_Wohnung_unmoebliert-1024x548.jpg 1024w, https:\/\/www.reisenberger.at\/reiprivat\/wp-content\/uploads\/2021\/02\/Titelbild_Wohnung_unmoebliert-768x411.jpg 768w, https:\/\/www.reisenberger.at\/reiprivat\/wp-content\/uploads\/2021\/02\/Titelbild_Wohnung_unmoebliert-1536x822.jpg 1536w, https:\/\/www.reisenberger.at\/reiprivat\/wp-content\/uploads\/2021\/02\/Titelbild_Wohnung_unmoebliert-2048x1097.jpg 2048w\" sizes=\"auto, (max-width: 2560px) 100vw, 2560px\" \/><\/a><\/p>\n<p>&nbsp;<\/p>\n<p style=\"text-align: center;\"><strong>Wohnung (m\u00f6bliert) in 1100 Wien<\/strong>: <a href=\"https:\/\/www.reisenberger.at\/ehrntraut\/wohnung_8043\" target=\"_blank\" rel=\"noopener\">Klicke hier oder auf das Bild darunter, um die m\u00f6blierte Wohnung zu betrachten!<\/a><\/p>\n<p><a href=\"https:\/\/www.reisenberger.at\/ehrntraut\/wohnung_8043\"><img loading=\"lazy\" decoding=\"async\" class=\"aligncenter size-full wp-image-747\" src=\"https:\/\/www.reisenberger.at\/reiprivat\/wp-content\/uploads\/2021\/02\/Titelbild_Wohnung_moebliert-scaled.jpg\" alt=\"\" width=\"2560\" height=\"1372\" srcset=\"https:\/\/www.reisenberger.at\/reiprivat\/wp-content\/uploads\/2021\/02\/Titelbild_Wohnung_moebliert-scaled.jpg 2560w, https:\/\/www.reisenberger.at\/reiprivat\/wp-content\/uploads\/2021\/02\/Titelbild_Wohnung_moebliert-300x161.jpg 300w, https:\/\/www.reisenberger.at\/reiprivat\/wp-content\/uploads\/2021\/02\/Titelbild_Wohnung_moebliert-1024x549.jpg 1024w, https:\/\/www.reisenberger.at\/reiprivat\/wp-content\/uploads\/2021\/02\/Titelbild_Wohnung_moebliert-768x412.jpg 768w, https:\/\/www.reisenberger.at\/reiprivat\/wp-content\/uploads\/2021\/02\/Titelbild_Wohnung_moebliert-1536x823.jpg 1536w, https:\/\/www.reisenberger.at\/reiprivat\/wp-content\/uploads\/2021\/02\/Titelbild_Wohnung_moebliert-2048x1098.jpg 2048w\" sizes=\"auto, (max-width: 2560px) 100vw, 2560px\" \/><\/a><\/p>\n<p>&nbsp;<\/p>\n<p>&nbsp;<\/p>\n<h2 style=\"text-align: center;\"><strong>Nat\u00fcrlich sind auch Panormas in Freien m\u00f6glich!<\/strong><\/h2>\n<p>Dieses Beispiel: \"360 Grad Tour in P\u00f6tzleinsdorf\" zeigt eine anspruchsvollere Tour mit 23 Nodes (Standpunkten). Mit jedem gew\u00fcnschten solcher \"Hotspots\" = virtueller Standort, der auf der Tour eingenommen werden kann) w\u00e4chst die Bearbeitungszeit und der Aufwand f\u00fcr die Produktion dieser Tour. Zus\u00e4tzlich zur Anzahl der Hotspots kommen die optionalen Erweiterungen (Verlinkung zu Webseiten, Fotos, Infotext, Musik) hinzu, die in vielen F\u00e4llen aber einen sehr hohen Mehrwert f\u00fcr den Internet-Auftritt darstellen. Die Anzahl der gew\u00fcnschten Hotspots (Fotos), die Art der Verlinkung (Verkn\u00fcpfung der Hotspots zueinander) und die Erweiterungen stellen die Grundlage f\u00fcr die Berechnung der Kosten dar.<\/p>\n<p>Anbei ein Link zu einer Demo-Tour (die Tour wird in einem eigenen, neuen Fenster bzw. Tab ge\u00f6ffnet): <a href=\"https:\/\/www.reisenberger.at\/360GradTour_Poetzleinsdorf\/index.html\" target=\"_blank\" rel=\"noopener\">Klicke hier oder auf das Bild darunter, um das Panoram zu starten!<\/a><\/p>\n<p><a href=\"https:\/\/www.reisenberger.at\/360GradTour_Poetzleinsdorf\/index.html\" target=\"_blank\" rel=\"noopener noreferrer\"><img loading=\"lazy\" decoding=\"async\" class=\"aligncenter size-full wp-image-718\" src=\"https:\/\/www.reisenberger.at\/reiprivat\/wp-content\/uploads\/2020\/11\/360poetz_panorama002_kl.png\" alt=\"\" width=\"1024\" height=\"448\" srcset=\"https:\/\/www.reisenberger.at\/reiprivat\/wp-content\/uploads\/2020\/11\/360poetz_panorama002_kl.png 1024w, https:\/\/www.reisenberger.at\/reiprivat\/wp-content\/uploads\/2020\/11\/360poetz_panorama002_kl-300x131.png 300w, https:\/\/www.reisenberger.at\/reiprivat\/wp-content\/uploads\/2020\/11\/360poetz_panorama002_kl-768x336.png 768w\" sizes=\"auto, (max-width: 1024px) 100vw, 1024px\" \/><\/a><\/p>\n<p>Hier ein weiteres Beispiel: \"<strong>360 Grad vom MQ zum Michaelerplatz<\/strong>\" zeigt eine anspruchsvollere Tour mit 28 Nodes (Standpunkten).<\/p>\n<p><a href=\"https:\/\/www.reisenberger.at\/360Grad_MQ_KHM_NHM_Heldenplatz\/\" target=\"_blank\" rel=\"noopener\">Klicke hier oder auf das Bild darunter, um das Panoram zu starten!<\/a><\/p>\n<figure id=\"attachment_722\" aria-describedby=\"caption-attachment-722\" style=\"width: 2048px\" class=\"wp-caption aligncenter\"><a href=\"https:\/\/www.reisenberger.at\/360Grad_MQ_KHM_NHM_Heldenplatz\/\" target=\"_blank\" rel=\"noopener\"><img loading=\"lazy\" decoding=\"async\" class=\"wp-image-722 size-full\" src=\"https:\/\/www.reisenberger.at\/reiprivat\/wp-content\/uploads\/2020\/11\/Titelbild_kl.jpg\" alt=\"Leopoldmuseum\" width=\"2048\" height=\"1223\" srcset=\"https:\/\/www.reisenberger.at\/reiprivat\/wp-content\/uploads\/2020\/11\/Titelbild_kl.jpg 2048w, https:\/\/www.reisenberger.at\/reiprivat\/wp-content\/uploads\/2020\/11\/Titelbild_kl-300x179.jpg 300w, https:\/\/www.reisenberger.at\/reiprivat\/wp-content\/uploads\/2020\/11\/Titelbild_kl-1024x612.jpg 1024w, https:\/\/www.reisenberger.at\/reiprivat\/wp-content\/uploads\/2020\/11\/Titelbild_kl-768x459.jpg 768w, https:\/\/www.reisenberger.at\/reiprivat\/wp-content\/uploads\/2020\/11\/Titelbild_kl-1536x917.jpg 1536w\" sizes=\"auto, (max-width: 2048px) 100vw, 2048px\" \/><\/a><figcaption id=\"caption-attachment-722\" class=\"wp-caption-text\">Leopoldmuseum<\/figcaption><\/figure>\n<p>&nbsp;<\/p>\n<p><strong>Viel Spa\u00df beim diesem virtuellen Spaziergang durch die Innenstadt!<\/strong><\/p>\n<p>&nbsp;<\/p>\n<h2 style=\"text-align: center;\"><strong>Navigation:<\/strong><\/h2>\n<p>Durch Anklicken der Symbole am unteren Bildschirmrand ist das Navigieren innerhalb des Bildes als auch das Springen zum vorherigen und n\u00e4chsten Panoramabild m\u00f6glich. Alternativ dazu k\u00f6nnen auf einem PC auch die Pfeiltasten und die Buchstabentasten der Tastatur benutzt werden:<\/p>\n<ul>\n<li>Vorheriges Panorama: [<strong>A<\/strong>]<\/li>\n<li>N\u00e4chste Panorama: [<strong>S<\/strong>]<\/li>\n<li>Zoom In [<strong>K<\/strong>]<\/li>\n<li>Zoom Out [<strong>L<\/strong>]<\/li>\n<\/ul>\n<p>Auf der rechten Bildschirmseite gibt es meist eine weitere Reihe von Symbolen. Hierit k\u00f6nnen folgende Befehle ausgef\u00fchrt werden:<\/p>\n<ul>\n<li><strong>Steuermodus<\/strong> <strong>\u00e4ndern<\/strong> (entweder \"Wisch- und Ziehen\" oder \"Kontinuierliches Folgen der Maus bzw. dem Finger\")<\/li>\n<li>Automatische <strong>Rotation<\/strong> starten und stoppen.<\/li>\n<li>Aktivieren des <strong>Gyrosensors<\/strong> (bei manchen Smartphones und Tablets wird es dadurch m\u00f6glich, das Bild durch Bewegen des Mobilger\u00e4tes zu steuern).<\/li>\n<li>Am PC: Umschalten auf <strong>Vollbild-Darstellung<\/strong> (mit Klicken auf die <strong>ESC<\/strong>-Taste kommt man wieder zur\u00fcck in die Fenster-Darstellung)<\/li>\n<li><strong>Doppelklicken<\/strong> im Panoramamodus aktiviert und deaktiviert ebenfalls die <strong>Vollbild-Darstellung<\/strong>!<\/li>\n<li>Die Symbole [<strong>Play<\/strong>], [<strong>Pause<\/strong>] und [<strong>Stopp<\/strong>] werden nur f\u00fcr gelegentlich verwendete Hintergrund<strong>musik<\/strong> ben\u00f6tigt (Sie k\u00f6nnen auch mit den Tasten [<strong>Leertaste<\/strong> = Play], [<strong>P<\/strong> = Pause] und [<strong>E<\/strong> = Ende\/Stopp] aktiviert werden).<\/li>\n<li>Mit dem \"<strong>Mute<\/strong> - <strong>Unmute<\/strong>\"-Symbol k\u00f6nnen Ton-Effekte ganz AUS- oder EIN-geschaltet werden.<\/li>\n<li>Das Symbol \"<strong>Starte VR<\/strong>\" wird nur auf mobilen Ger\u00e4te eingeblendet und gestattet die Umschaltung in die stereografische Bilddarstellung. Das Bild wird dabei zweigeteilt und mithilfe einer sogenannten VR-Brille (<strong>VR<\/strong> ... <strong>Virtual Reality<\/strong>) kann ein dreidimensionales Betrachten und Steuern der Panorama-Touren erm\u00f6glicht werden.<\/li>\n<\/ul>\n<p><strong>Viel Spa\u00df beim virtuellen Spaziergang in W\u00e4hring!<\/strong><\/p>\n<p>&nbsp;<\/p>\n<p>&nbsp;<\/p>\n<p>&nbsp;<\/p>\n<p>&nbsp;<\/p>\n<h2 style=\"text-align: center;\"><strong>Zur Preisgestaltung *<\/strong><\/h2>\n<p>Je nach tats\u00e4chlichem zeitlichen Aufwand f\u00fcr Fotografieren und Bearbeitung (Erg\u00e4nzung nachtr\u00e4glicher Erweiterungen oder \u00c4nderungen) k\u00f6nnen die angegebenen Preise variieren. \u00dcblicherweise wird jedoch im Vorhinein (Anhand einer Auftragsliste) eine Leistungsfestlegung getroffen und der Preis daf\u00fcr festgelegt. Non-Profit-Organisationen oder Organisationen des Bildungsbereiches ersuche im entsprechenden Hinweis vor bzw. bei der schriftlichen Anfrage per eMail, um g\u00fcnstigere Konditionen anbieten zu k\u00f6nnen. <strong>Danke! <\/strong><\/p>\n<p>(* <strong>Voraussetzung<\/strong>: eine eigene, aktuelle Webseite ist vorhanden und der - von mir zur Verf\u00fcgung gestellte - Link bzw. die - von mir zur Verf\u00fcgung gestellten - Dateien werden von Ihnen selbst oder von Ihrer\/Ihrem Webseiten-Beauftragen in Ihre Webseite integriert!)<\/p>\n<\/div>\n<\/div><\/div><\/div><\/div><div id=\"pg-609-3\"  class=\"panel-grid panel-no-style\" ><div id=\"pgc-609-3-0\"  class=\"panel-grid-cell\" ><div id=\"panel-609-3-0-0\" class=\"so-panel widget widget_sow-editor panel-first-child panel-last-child\" data-index=\"4\" ><div\n\t\t\t\n\t\t\tclass=\"so-widget-sow-editor so-widget-sow-editor-base\"\n\t\t\t\n\t\t><h3 class=\"widget-title\">Preisliste:<\/h3>\n<div class=\"siteorigin-widget-tinymce textwidget\">\n\t<p>Die angef\u00fchrten Preise sind bereits inklusive der 20 % Mehrwertsteuer!<\/p>\n<\/div>\n<\/div><\/div><\/div><\/div><div id=\"pg-609-4\"  class=\"panel-grid panel-no-style\" ><div id=\"pgc-609-4-0\"  class=\"panel-grid-cell\" ><div id=\"panel-609-4-0-0\" class=\"so-panel widget widget_sow-editor panel-first-child panel-last-child\" data-index=\"5\" ><div\n\t\t\t\n\t\t\tclass=\"so-widget-sow-editor so-widget-sow-editor-base\"\n\t\t\t\n\t\t><h3 class=\"widget-title\">klein<\/h3>\n<div class=\"siteorigin-widget-tinymce textwidget\">\n\t<h1 style=\"text-align: left;\"><strong>\u20ac 500,-<\/strong><\/h1>\n<p>\u2022 Anzahl der Hotspots (Standpunkte): <strong>5<\/strong><\/p>\n<p>\u2022 Einfache Verlinkung<\/p>\n<p>\u2022 Zus\u00e4tze: ohne<\/p>\n<\/div>\n<\/div><\/div><\/div><div id=\"pgc-609-4-1\"  class=\"panel-grid-cell\" ><div id=\"panel-609-4-1-0\" class=\"so-panel widget widget_sow-editor panel-first-child panel-last-child\" data-index=\"6\" ><div\n\t\t\t\n\t\t\tclass=\"so-widget-sow-editor so-widget-sow-editor-base\"\n\t\t\t\n\t\t><h3 class=\"widget-title\">mittel<\/h3>\n<div class=\"siteorigin-widget-tinymce textwidget\">\n\t<h1 style=\"text-align: left;\">\u20ac 800,-<\/h1>\n<p>\u2022 Anzahl der Hotspots (Standpunkte): <strong>10<\/strong><\/p>\n<p>\u2022 Einfache Verlinkung<\/p>\n<p>\u2022 Zus\u00e4tze: ohne<\/p>\n<\/div>\n<\/div><\/div><\/div><div id=\"pgc-609-4-2\"  class=\"panel-grid-cell\" ><div id=\"panel-609-4-2-0\" class=\"so-panel widget widget_sow-editor panel-first-child panel-last-child\" data-index=\"7\" ><div\n\t\t\t\n\t\t\tclass=\"so-widget-sow-editor so-widget-sow-editor-base\"\n\t\t\t\n\t\t><h3 class=\"widget-title\">gro\u00df<\/h3>\n<div class=\"siteorigin-widget-tinymce textwidget\">\n\t<h1 style=\"text-align: left;\"><strong>\u20ac 1100,-<\/strong><\/h1>\n<p>\u2022 Anzahl der Hotspots (Standpunkte): <strong>15<\/strong><\/p>\n<p>\u2022 Einfache Verlinkung<\/p>\n<p>\u2022 Zus\u00e4tze: ohne<\/p>\n<\/div>\n<\/div><\/div><\/div><div id=\"pgc-609-4-3\"  class=\"panel-grid-cell\" ><div id=\"panel-609-4-3-0\" class=\"so-panel widget widget_sow-editor panel-first-child panel-last-child\" data-index=\"8\" ><div\n\t\t\t\n\t\t\tclass=\"so-widget-sow-editor so-widget-sow-editor-base\"\n\t\t\t\n\t\t><h3 class=\"widget-title\">gr\u00f6\u00dfer<\/h3>\n<div class=\"siteorigin-widget-tinymce textwidget\">\n\t<h1 style=\"text-align: left;\"><strong>\u20ac 1500,-<\/strong><\/h1>\n<p>\u2022 Anzahl der Hotspots (Standpunkte): <strong>20<\/strong><\/p>\n<p>\u2022 Komplexere Verlinkung<\/p>\n<p>\u2022 Zus\u00e4tze: ohne<\/p>\n<\/div>\n<\/div><\/div><\/div><div id=\"pgc-609-4-4\"  class=\"panel-grid-cell\" ><div id=\"panel-609-4-4-0\" class=\"so-panel widget widget_sow-editor panel-first-child panel-last-child\" data-index=\"9\" ><div\n\t\t\t\n\t\t\tclass=\"so-widget-sow-editor so-widget-sow-editor-base\"\n\t\t\t\n\t\t><h3 class=\"widget-title\">am gr\u00f6\u00dften<\/h3>\n<div class=\"siteorigin-widget-tinymce textwidget\">\n\t<h1><strong>\u20ac ab 2000,-<\/strong><\/h1>\n<p>\u2022 Anzahl der Hotspots (Standpunkte): mehr als <strong>20<\/strong><\/p>\n<p>\u2022 Komplexere Verlinkung<\/p>\n<p>\u2022 Zus\u00e4tze: nach Vereinbarung<\/p>\n<\/div>\n<\/div><\/div><\/div><\/div><div id=\"pg-609-5\"  class=\"panel-grid panel-no-style\" ><div id=\"pgc-609-5-0\"  class=\"panel-grid-cell\" ><div id=\"panel-609-5-0-0\" class=\"so-panel widget widget_sow-editor panel-first-child panel-last-child\" data-index=\"10\" ><div\n\t\t\t\n\t\t\tclass=\"so-widget-sow-editor so-widget-sow-editor-base\"\n\t\t\t\n\t\t><h3 class=\"widget-title\">Zus\u00e4tze, optionale Erweiterungen:<\/h3>\n<div class=\"siteorigin-widget-tinymce textwidget\">\n\t<h1><strong>\u20ac 90,-<\/strong><\/h1>\n<p>\u2022 pro Zusatz wird dieser Einheitspreis verrechnet!<\/p>\n<p><strong>Dazu geh\u00f6ren:<\/strong><\/p>\n<p>\u2022 Infotexte *,<\/p>\n<p>\u2022 Links \/ URLs<\/p>\n<p>\u2022 Einbindung von Fotos *<\/p>\n<p>\u2022 Einbindung von Videos *<\/p>\n<p>\u2022 Einbindung von Musik * (mp3)<\/p>\n<p>\u2022 <strong>* die dazu n\u00f6tigen Benutzungsrechte m\u00fcssen nat\u00fcrlich bei Ihnen liegen!<\/strong><\/p>\n<\/div>\n<\/div><\/div><\/div><\/div><\/div>","protected":false},"excerpt":{"rendered":"<p>Was im Jahr 2015 mit einem Manfrotto 303 SPH Nodalpunkt Adapter, meiner Spiegelreflexkamera und einem guten Stativ begonnen hat, findet nun &#8211; dank fortgeschrittener Technik&#8230;<\/p>\n<div class=\"more-link-wrapper\"><a class=\"more-link\" href=\"https:\/\/www.reisenberger.at\/reiprivat\/https-www-reisenberger-at-reiprivat\/\">Weiterlesen<span class=\"screen-reader-text\">dRei-60 Grad Panoramas<\/span><\/a><\/div>\n","protected":false},"author":1,"featured_media":0,"parent":0,"menu_order":2,"comment_status":"open","ping_status":"closed","template":"","meta":{"iawp_total_views":44,"footnotes":""},"class_list":["post-609","page","type-page","status-publish","hentry","entry"],"_links":{"self":[{"href":"https:\/\/www.reisenberger.at\/reiprivat\/wp-json\/wp\/v2\/pages\/609","targetHints":{"allow":["GET"]}}],"collection":[{"href":"https:\/\/www.reisenberger.at\/reiprivat\/wp-json\/wp\/v2\/pages"}],"about":[{"href":"https:\/\/www.reisenberger.at\/reiprivat\/wp-json\/wp\/v2\/types\/page"}],"author":[{"embeddable":true,"href":"https:\/\/www.reisenberger.at\/reiprivat\/wp-json\/wp\/v2\/users\/1"}],"replies":[{"embeddable":true,"href":"https:\/\/www.reisenberger.at\/reiprivat\/wp-json\/wp\/v2\/comments?post=609"}],"version-history":[{"count":42,"href":"https:\/\/www.reisenberger.at\/reiprivat\/wp-json\/wp\/v2\/pages\/609\/revisions"}],"predecessor-version":[{"id":712,"href":"https:\/\/www.reisenberger.at\/reiprivat\/wp-json\/wp\/v2\/pages\/609\/revisions\/712"}],"wp:attachment":[{"href":"https:\/\/www.reisenberger.at\/reiprivat\/wp-json\/wp\/v2\/media?parent=609"}],"curies":[{"name":"wp","href":"https:\/\/api.w.org\/{rel}","templated":true}]}}