{"id":3,"date":"2019-12-31T14:06:03","date_gmt":"2019-12-31T13:06:03","guid":{"rendered":"https:\/\/www.reisenberger.at\/reiprivat\/?page_id=3"},"modified":"2020-08-21T13:07:29","modified_gmt":"2020-08-21T11:07:29","slug":"datenschutzerklaerung","status":"publish","type":"page","link":"https:\/\/www.reisenberger.at\/reiprivat\/datenschutzerklaerung\/","title":{"rendered":"Datenschutzerkl\u00e4rung"},"content":{"rendered":"<div class=\"policy-text\">\n<div class=\"wp-suggested-text hide-privacy-policy-tutorial\">\n<h4>Wer bin ich?<\/h4>\n<p>Ich bin privater Benutzer und Autor dieser Webseite. Die Adresse meiner Website ist: https:\/\/www.reisenberger.at\/reiprivat. Die Texte wurden von mir selbst erstellt und obliegen, so wie die Fotos, meinem pers\u00f6nlichen Urheberrecht! Die Fotos auf dieser Seite wurden von mir selbst, in meiner Rolle als Hobbyfotograf, erstellt, entwickelt, angepasst oder bearbeitet und eingef\u00fcgt. Davon abweichende Texte und\/oder Bilder sind entsprechend gekennzeichnet.<\/p>\n<h4>Welche personenbezogenen Daten werden gesammelt und warum werden sie gesammelt?<\/h4>\n<p>Ich sammle bewusst gar keine Daten, so mein erster Gedanke! Tats\u00e4chlich werden im Internet von jedem Computer verschieden Daten gesammelt, um das Funktionieren der Webseiten und somit der Kommunikation zu erleichtern. So ist dies auch sicher bei dieser WordPress-Webseite so der Fall, um ein reibungsloses Funktionieren der Webseite gew\u00e4hrleisten zu k\u00f6nnen.<\/p>\n<h4>Kommentare<\/h4>\n<p>Wenn Besucher Kommentare auf der Website schreiben, sammeln wir die Daten, die im Kommentar-Formular angezeigt werden, au\u00dferdem die IP-Adresse des Besuchers und den User-Agent-String (damit wird der Browser identifiziert), um die Erkennung von Spam zu unterst\u00fctzen.<\/p>\n<p>Aus deiner E-Mail-Adresse kann eine anonymisierte Zeichenfolge erstellt (auch Hash genannt) und dem Gravatar-Dienst \u00fcbergeben werden, um zu pr\u00fcfen, ob du diesen benutzt. Die Datenschutzerkl\u00e4rung des Gravatar-Dienstes findest du hier: https:\/\/automattic.com\/privacy\/. Nachdem dein Kommentar freigegeben wurde, ist dein Profilbild \u00f6ffentlich im Kontext deines Kommentars sichtbar.<\/p>\n<h4>Medien<\/h4>\n<p>Wenn du ein registrierter Benutzer bist und Fotos auf diese Website l\u00e4dst, solltest du vermeiden, Fotos mit einem EXIF-GPS-Standort hochzuladen. Besucher dieser Website k\u00f6nnten Fotos, die auf dieser Website gespeichert sind, herunterladen und deren Standort-Informationen extrahieren.<\/p>\n<h4>Kontaktformulare<\/h4>\n<p>So etwas m\u00f6chte ich gerne einrichten, um damit eine einfache Form der direkten und pers\u00f6nlichen Kommunikation zu erm\u00f6glichen. Das passende Plugin dazu muss ich mir noch suchen und finden! Die dabei gesammelten Daten werden auch nur zum Zweck der Kommunikation und Funktionalit\u00e4t des Mailversands gespeichert.<\/p>\n<h3>Cookies<\/h3>\n<p>Wenn du einen Kommentar auf unserer Website schreibst, ist das als deine Einwilligung zu verstehen, deinen Namen, E-Mail-Adresse und Website in Cookies zu speichern. Dies ist eine Komfortfunktion, damit du nicht, wenn du einen weiteren Kommentar schreibst, all diese Daten erneut eingeben musst. Diese Cookies werden ein Jahr lang gespeichert.<\/p>\n<p>Falls du ein Konto hast und dich auf dieser Website anmeldest, werden wir ein tempor\u00e4res Cookie setzen, um festzustellen, ob dein Browser Cookies akzeptiert. Dieses Cookie enth\u00e4lt keine personenbezogenen Daten und wird verworfen, wenn du deinen Browser schlie\u00dft.<\/p>\n<p>Wenn du dich anmeldest, werden wir einige Cookies einrichten, um deine Anmeldeinformationen und Anzeigeoptionen zu speichern. Anmelde-Cookies verfallen nach zwei Tagen und Cookies f\u00fcr die Anzeigeoptionen nach einem Jahr. Falls du bei der Anmeldung \u201eAngemeldet bleiben\u201c ausw\u00e4hlst, wird deine Anmeldung zwei Wochen lang aufrechterhalten. Mit der Abmeldung aus deinem Konto werden die Anmelde-Cookies gel\u00f6scht.<\/p>\n<p>Wenn du einen Artikel bearbeitest oder ver\u00f6ffentlichst, wird ein zus\u00e4tzlicher Cookie in deinem Browser gespeichert. Dieser Cookie enth\u00e4lt keine personenbezogenen Daten und verweist nur auf die Beitrags-ID des Artikels, den du gerade bearbeitet hast. Der Cookie verf\u00e4llt nach einem Tag.<\/p>\n<h4>Eingebettete Inhalte von anderen Websites<\/h4>\n<p>Beitr\u00e4ge auf dieser Website k\u00f6nnen eingebettete Inhalte beinhalten (z.\u00a0B. Videos, Bilder, Beitr\u00e4ge etc.). Eingebettete Inhalte von anderen Websites verhalten sich exakt so, als ob der Besucher die andere Website besucht h\u00e4tte.<\/p>\n<p>Diese Websites k\u00f6nnen Daten \u00fcber dich sammeln, Cookies benutzen, zus\u00e4tzliche Tracking-Dienste von Dritten einbetten und deine Interaktion mit diesem eingebetteten Inhalt aufzeichnen, inklusive deiner Interaktion mit dem eingebetteten Inhalt, falls du ein Konto hast und auf dieser Website angemeldet bist.<\/p>\n<h4>Analysedienste<\/h4>\n<p>Ich habe bis jetzt noch keine externen Analysedienste aktiviert, kann aber im Moment auch nicht ausschlie\u00dfen, dass WordPress standardm\u00e4\u00dfig gewisse Daten zur Analyse der Besucher und auch zur Analyse meiner Administrator- bzw. Autoren-T\u00e4tigkeit speichert und analysiert.<\/p>\n<h4>Mit wem wir deine Daten teilen<\/h4>\n<p>Ich teile zur Zeit die erstellten Daten mit gar niemandem, da ich kein Unternehmer sondern privater Anwender, Autor, Fotograf und Administrator dieser Webseite bin. Oben erw\u00e4hnte Analyse- oder sonstige statistische Daten, die automatisch erhoben werden, bleiben &#8211; soweit ich wei\u00df &#8211; in hier beschriebener Art und Weise, innerhalb von WordPress und werden, hoffe ich, auch nicht an Dritte weitergegeben. Alle Textstellen, in denen hier von &#8222;wir&#8220; die Rede ist, sind jene Textvorlagen, die WordPress bereits fix und fertig zur Verf\u00fcgung stellt!<\/p>\n<h4>Wie lange wir deine Daten speichern<\/h4>\n<p>Wenn du einen Kommentar schreibst, wird dieser inklusive Metadaten zeitlich unbegrenzt gespeichert. Auf diese Art k\u00f6nnen wir Folgekommentare automatisch erkennen und freigeben, anstelle sie in einer Moderations-Warteschlange festzuhalten.<\/p>\n<p>F\u00fcr Benutzer, die sich auf unserer Website registrieren, speichern wir zus\u00e4tzlich die pers\u00f6nlichen Informationen, die sie in ihren Benutzerprofilen angeben. Alle Benutzer k\u00f6nnen jederzeit ihre pers\u00f6nlichen Informationen einsehen, ver\u00e4ndern oder l\u00f6schen (der Benutzername kann nicht ver\u00e4ndert werden). Administratoren der Website k\u00f6nnen diese Informationen ebenfalls einsehen und ver\u00e4ndern.<\/p>\n<h4>Welche Rechte du an deinen Daten hast<\/h4>\n<p>Wenn du ein Konto auf dieser Website besitzt oder Kommentare geschrieben hast, kannst du einen Export deiner personenbezogenen Daten bei uns anfordern, inklusive aller Daten, die du uns mitgeteilt hast. Dar\u00fcber hinaus kannst du die L\u00f6schung aller personenbezogenen Daten, die wir von dir gespeichert haben, anfordern. Dies umfasst nicht die Daten, die wir aufgrund administrativer, rechtlicher oder sicherheitsrelevanter Notwendigkeiten aufbewahren m\u00fcssen.<\/p>\n<h4>Wohin wir deine Daten senden<\/h4>\n<p>Besucher-Kommentare k\u00f6nnten von einem automatisierten Dienst zur Spam-Erkennung untersucht werden.<\/p>\n<h4>Deine Kontakt-Informationen<\/h4>\n<p>Da muss ich mir erst \u00fcberlegen, inwieweit ich als Privatperson solche \u00fcberhaupt angeben muss bzw. angeben werde. Sobald ich ein passendes Plugin gefunden habe, wird es auf alle F\u00e4lle die pers\u00f6nliche Kontaktm\u00f6glichkeit via Kontaktformular geben!<\/p>\n<h4>Weitere Informationen<\/h4>\n<h4>reCAPTCHA Anti-Spam<\/h4>\n<div class=\"ITMfpb by1Bgd\">Ich weise hiermit die Besucher meiner Website ausdr\u00fccklich darauf hin, dass auf meiner Website reCAPTCHA, Version 3, implementiert ist und die Nutzung von reCAPTCHA, Version 3, der <a href=\"https:\/\/www.google.com\/policies\/privacy\/\" target=\"_blank\" rel=\"noopener noreferrer\">Datenschutzerkl\u00e4rung<\/a> ( https:\/\/www.google.com\/policies\/privacy\/ ) und den <a href=\"https:\/\/www.google.com\/policies\/terms\/\" target=\"_blank\" rel=\"noopener noreferrer\">Nutzungsbedingungen<\/a> ( https:\/\/www.google.com\/policies\/terms\/ ) von Google unterliegt. reCAPTCHA darf nur zur Abwehr von Spam und Missbrauch auf meiner Website verwendet werden. reCAPTCHA darf nicht f\u00fcr andere Zwecke wie folgende verwendet werden: Ermittlung der Kreditw\u00fcrdigkeit, der Eignung f\u00fcr eine Arbeitsstelle, von Informationen zu finanziellen Verh\u00e4ltnissen oder der Versicherbarkeit eines Nutzers.<\/div>\n<div class=\"ITMfpb by1Bgd\">Wenn du auf die reCAPTCHA APIs zugreifst und\/oder diese nutzt, erkl\u00e4rst du dich mit den <a href=\"https:\/\/developers.google.com\/terms\/\" target=\"_blank\" rel=\"noopener noreferrer\">Nutzungsbedingungen f\u00fcr Google APIs<\/a> ( https:\/\/developers.google.com\/terms\/ ) , den <a href=\"https:\/\/www.google.com\/policies\/terms\/\" target=\"_blank\" rel=\"noopener noreferrer\">Nutzungsbedingungen von Google<\/a> ( https:\/\/www.google.com\/policies\/terms\/ ) und den unten genannten zus\u00e4tzlichen Bedingungen einverstanden. Lies bitte alle geltenden Bedingungen und Richtlinien durch, bevor du auf die APIs zugreifst.<\/div>\n<div class=\"by1Bgd\">\n<div class=\"mT05K J8IPJc\">\n<div class=\"oX8Xbb Tj1T2\" tabindex=\"0\" role=\"button\" aria-expanded=\"false\" aria-controls=\"i7\"><span class=\"gjKCb joOfYc\">Nutzungsbedingungen f\u00fcr reCAPTCHA<\/span><\/div>\n<\/div>\n<\/div>\n<\/div>\n<\/div>\n<div tabindex=\"0\" role=\"button\" aria-expanded=\"false\" aria-controls=\"i7\"><\/div>\n<div tabindex=\"0\" role=\"button\" aria-expanded=\"false\" aria-controls=\"i7\">\n<h4>Akismet Anti-Spam<\/h4>\n<\/div>\n<div tabindex=\"0\" role=\"button\" aria-expanded=\"false\" aria-controls=\"i7\">\n<div class=\"policy-text hide-privacy-policy-tutorial\">Wir sammeln Informationen \u00fcber Besucher, die Kommentare auf Websites, die unseren Akismet Anti-Spam Service benutzen, hinterlassen. Das Ausma\u00df an Informationen, die wir sammeln, h\u00e4ngt davon ab, wie der Benutzer seine Website eingestellt hat. Normalerweise beinhalten diese Daten die IP-Adresse des Benutzers, den User Agent, Referrer und Website-URL (sowie die Informationen, die der Benutzer direkt eingegeben hat wie z.B. Namen, Benutzernamen, E-Mail-Adresse und den Kommentar selbst).<\/div>\n<\/div>\n<div class=\"policy-text\">\n<div class=\"wp-suggested-text hide-privacy-policy-tutorial\">\n<h4>Wie wir deine Daten sch\u00fctzen<\/h4>\n<p>&#8230; nach bestem Wissen und Gewissen!<\/p>\n<h4>Welche Ma\u00dfnahmen wir bei Datenschutzverletzungen anbieten<\/h4>\n<p>Von meiner Seite kann ich da nur die L\u00f6schung Deiner Beitr\u00e4ge anbieten!<\/p>\n<h4>Von welchen Drittanbietern wir Daten erhalten<\/h4>\n<p>Da erhalte ich im Moment wohl noch gar nichts, nehme mich an!<\/p>\n<h4>Welche automatisierte Entscheidungsfindung und\/oder Profilerstellung wir mit Benutzerdaten durchf\u00fchren<\/h4>\n<p>Auch dazu kann ich im Moment gar nichts sagen, weil ich noch nicht einmal wei\u00df, was damit eigentlich gemeint ist!<\/p>\n<h4>Vorausgesetzte Offenlegungspflichten der Industrie<\/h4>\n<p>Da sind wir wohl wieder in einem Bereich, der f\u00fcr gewerbliche Nutzung von Webseiten bzw. wie anhand der \u00dcberschrift ersichtlich, f\u00fcr den Bereich der Industrie von Relevanz ist. Ich h\u00e4tte alle diese &#8211; f\u00fcr mich als Privatanwender &#8211; irrelevanten Passagen aus dieser Datenschutzerkl\u00e4rung wohl auch einfach l\u00f6schen k\u00f6nnen, aber auch so ist der geneigten Leserin oder dem geneigten Leser hoffentlich klar, dass diese Passagen keine G\u00fcltigkeit f\u00fcr die private Erstellung einer Webseite und Nutzung der WordPress-Dienste darstellen.<\/p>\n<\/div>\n<\/div>\n","protected":false},"excerpt":{"rendered":"<p>Wer bin ich? Ich bin privater Benutzer und Autor dieser Webseite. Die Adresse meiner Website ist: https:\/\/www.reisenberger.at\/reiprivat. Die Texte wurden von mir selbst erstellt und&#8230;<\/p>\n<div class=\"more-link-wrapper\"><a class=\"more-link\" href=\"https:\/\/www.reisenberger.at\/reiprivat\/datenschutzerklaerung\/\">Weiterlesen<span class=\"screen-reader-text\">Datenschutzerkl\u00e4rung<\/span><\/a><\/div>\n","protected":false},"author":1,"featured_media":0,"parent":0,"menu_order":6,"comment_status":"closed","ping_status":"closed","template":"","meta":{"iawp_total_views":10,"footnotes":""},"class_list":["post-3","page","type-page","status-publish","hentry","entry"],"_links":{"self":[{"href":"https:\/\/www.reisenberger.at\/reiprivat\/wp-json\/wp\/v2\/pages\/3","targetHints":{"allow":["GET"]}}],"collection":[{"href":"https:\/\/www.reisenberger.at\/reiprivat\/wp-json\/wp\/v2\/pages"}],"about":[{"href":"https:\/\/www.reisenberger.at\/reiprivat\/wp-json\/wp\/v2\/types\/page"}],"author":[{"embeddable":true,"href":"https:\/\/www.reisenberger.at\/reiprivat\/wp-json\/wp\/v2\/users\/1"}],"replies":[{"embeddable":true,"href":"https:\/\/www.reisenberger.at\/reiprivat\/wp-json\/wp\/v2\/comments?post=3"}],"version-history":[{"count":6,"href":"https:\/\/www.reisenberger.at\/reiprivat\/wp-json\/wp\/v2\/pages\/3\/revisions"}],"predecessor-version":[{"id":90,"href":"https:\/\/www.reisenberger.at\/reiprivat\/wp-json\/wp\/v2\/pages\/3\/revisions\/90"}],"wp:attachment":[{"href":"https:\/\/www.reisenberger.at\/reiprivat\/wp-json\/wp\/v2\/media?parent=3"}],"curies":[{"name":"wp","href":"https:\/\/api.w.org\/{rel}","templated":true}]}}